{"id":54,"date":"2025-02-11T12:50:16","date_gmt":"2025-02-11T12:50:16","guid":{"rendered":"https:\/\/consult4b.de\/?page_id=54"},"modified":"2025-02-11T13:00:12","modified_gmt":"2025-02-11T13:00:12","slug":"impressum","status":"publish","type":"page","link":"https:\/\/consult4b.de\/?page_id=54","title":{"rendered":"Impressum"},"content":{"rendered":"\n<p><strong>Consult4b GmbH<\/strong><br>Neulandstr. 25<br>74889 Sinsheim<br>Tel.: 07261 6818990<br>eMail: info@consult4b.de <br><\/p>\n\n\n\n<p>Sitz der Gesellschaft: Sinsheim<br>Gesch\u00e4ftsf\u00fchrer: Florian Oe\u00df<br>Amtsgericht Mannheim | HRB 704604<br>USt.-ID: DE260170288<\/p>\n\n\n\n<p><\/p>\n","protected":false},"excerpt":{"rendered":"<p>Consult4b GmbHNeulandstr. 2574889 SinsheimTel.: 07261 6818990eMail: info@consult4b.de Sitz der Gesellschaft: SinsheimGesch\u00e4ftsf\u00fchrer: Florian Oe\u00dfAmtsgericht Mannheim | HRB 704604USt.-ID: DE260170288<\/p>\n","protected":false},"author":2,"featured_media":0,"parent":0,"menu_order":0,"comment_status":"closed","ping_status":"closed","template":"","meta":{"_EventAllDay":false,"_EventTimezone":"","_EventStartDate":"","_EventEndDate":"","_EventStartDateUTC":"","_EventEndDateUTC":"","_EventShowMap":false,"_EventShowMapLink":false,"_EventURL":"","_EventCost":"","_EventCostDescription":"","_EventCurrencySymbol":"","_EventCurrencyCode":"","_EventCurrencyPosition":"","_EventDateTimeSeparator":"","_EventTimeRangeSeparator":"","_EventOrganizerID":[],"_EventVenueID":[],"_OrganizerEmail":"","_OrganizerPhone":"","_OrganizerWebsite":"","_VenueAddress":"","_VenueCity":"","_VenueCountry":"","_VenueProvince":"","_VenueState":"","_VenueZip":"","_VenuePhone":"","_VenueURL":"","_VenueStateProvince":"","_VenueLat":"","_VenueLng":"","_VenueShowMap":false,"_VenueShowMapLink":false,"footnotes":""},"class_list":["post-54","page","type-page","status-publish","hentry"],"_links":{"self":[{"href":"https:\/\/consult4b.de\/index.php?rest_route=\/wp\/v2\/pages\/54","targetHints":{"allow":["GET"]}}],"collection":[{"href":"https:\/\/consult4b.de\/index.php?rest_route=\/wp\/v2\/pages"}],"about":[{"href":"https:\/\/consult4b.de\/index.php?rest_route=\/wp\/v2\/types\/page"}],"author":[{"embeddable":true,"href":"https:\/\/consult4b.de\/index.php?rest_route=\/wp\/v2\/users\/2"}],"replies":[{"embeddable":true,"href":"https:\/\/consult4b.de\/index.php?rest_route=%2Fwp%2Fv2%2Fcomments&post=54"}],"version-history":[{"count":5,"href":"https:\/\/consult4b.de\/index.php?rest_route=\/wp\/v2\/pages\/54\/revisions"}],"predecessor-version":[{"id":60,"href":"https:\/\/consult4b.de\/index.php?rest_route=\/wp\/v2\/pages\/54\/revisions\/60"}],"wp:attachment":[{"href":"https:\/\/consult4b.de\/index.php?rest_route=%2Fwp%2Fv2%2Fmedia&parent=54"}],"curies":[{"name":"wp","href":"https:\/\/api.w.org\/{rel}","templated":true}]}}