{"id":5,"date":"2022-12-03T05:57:49","date_gmt":"2022-12-03T05:57:49","guid":{"rendered":"https:\/\/consult4b.de\/?page_id=5"},"modified":"2024-10-22T07:40:59","modified_gmt":"2024-10-22T07:40:59","slug":"willkommen-auf-https-consult4b-de","status":"publish","type":"page","link":"https:\/\/consult4b.de\/","title":{"rendered":"Das wird noch&#8230;."},"content":{"rendered":"\n<figure class=\"wp-block-image size-large\"><img loading=\"lazy\" decoding=\"async\" width=\"1024\" height=\"575\" src=\"https:\/\/consult4b.de\/wp-content\/uploads\/2024\/10\/IMG_20240527_073030-1-1024x575.jpg\" alt=\"\" class=\"wp-image-45\" srcset=\"https:\/\/consult4b.de\/wp-content\/uploads\/2024\/10\/IMG_20240527_073030-1-1024x575.jpg 1024w, https:\/\/consult4b.de\/wp-content\/uploads\/2024\/10\/IMG_20240527_073030-1-300x169.jpg 300w, https:\/\/consult4b.de\/wp-content\/uploads\/2024\/10\/IMG_20240527_073030-1-768x432.jpg 768w, https:\/\/consult4b.de\/wp-content\/uploads\/2024\/10\/IMG_20240527_073030-1-1536x863.jpg 1536w, https:\/\/consult4b.de\/wp-content\/uploads\/2024\/10\/IMG_20240527_073030-1-2048x1151.jpg 2048w\" sizes=\"auto, (max-width: 1024px) 100vw, 1024px\" \/><\/figure>\n\n\n\n<p><strong>Consult4b GmbH<\/strong> | Neulandstra\u00dfe 25 | 74889 Sinsheim<\/p>\n\n\n\n<p><a href=\"https:\/\/wa.me\/496214909370\">https:\/\/wa.me\/496214909370<\/a><\/p>\n\n\n\n<p>Sitz der Gesellschaft: Sinsheim<\/p>\n\n\n\n<p>Gesch\u00e4ftsf\u00fchrer: Florian Oe\u00df<\/p>\n\n\n\n<p>Amtsgericht Mannheim | HRB 704604<\/p>\n\n\n\n<p>___________________________________<\/p>\n","protected":false},"excerpt":{"rendered":"<p>Consult4b GmbH | Neulandstra\u00dfe 25 | 74889 Sinsheim https:\/\/wa.me\/496214909370 Sitz der Gesellschaft: Sinsheim Gesch\u00e4ftsf\u00fchrer: Florian Oe\u00df Amtsgericht Mannheim | HRB 704604 ___________________________________<\/p>\n","protected":false},"author":1,"featured_media":0,"parent":0,"menu_order":0,"comment_status":"closed","ping_status":"open","template":"","meta":{"_EventAllDay":false,"_EventTimezone":"","_EventStartDate":"","_EventEndDate":"","_EventStartDateUTC":"","_EventEndDateUTC":"","_EventShowMap":false,"_EventShowMapLink":false,"_EventURL":"","_EventCost":"","_EventCostDescription":"","_EventCurrencySymbol":"","_EventCurrencyCode":"","_EventCurrencyPosition":"","_EventDateTimeSeparator":"","_EventTimeRangeSeparator":"","_EventOrganizerID":[],"_EventVenueID":[],"_OrganizerEmail":"","_OrganizerPhone":"","_OrganizerWebsite":"","_VenueAddress":"","_VenueCity":"","_VenueCountry":"","_VenueProvince":"","_VenueState":"","_VenueZip":"","_VenuePhone":"","_VenueURL":"","_VenueStateProvince":"","_VenueLat":"","_VenueLng":"","_VenueShowMap":false,"_VenueShowMapLink":false,"footnotes":""},"class_list":["post-5","page","type-page","status-publish","hentry"],"_links":{"self":[{"href":"https:\/\/consult4b.de\/index.php?rest_route=\/wp\/v2\/pages\/5","targetHints":{"allow":["GET"]}}],"collection":[{"href":"https:\/\/consult4b.de\/index.php?rest_route=\/wp\/v2\/pages"}],"about":[{"href":"https:\/\/consult4b.de\/index.php?rest_route=\/wp\/v2\/types\/page"}],"author":[{"embeddable":true,"href":"https:\/\/consult4b.de\/index.php?rest_route=\/wp\/v2\/users\/1"}],"replies":[{"embeddable":true,"href":"https:\/\/consult4b.de\/index.php?rest_route=%2Fwp%2Fv2%2Fcomments&post=5"}],"version-history":[{"count":3,"href":"https:\/\/consult4b.de\/index.php?rest_route=\/wp\/v2\/pages\/5\/revisions"}],"predecessor-version":[{"id":49,"href":"https:\/\/consult4b.de\/index.php?rest_route=\/wp\/v2\/pages\/5\/revisions\/49"}],"wp:attachment":[{"href":"https:\/\/consult4b.de\/index.php?rest_route=%2Fwp%2Fv2%2Fmedia&parent=5"}],"curies":[{"name":"wp","href":"https:\/\/api.w.org\/{rel}","templated":true}]}}